{"id":1727,"date":"2024-05-07T11:12:18","date_gmt":"2024-05-07T11:12:18","guid":{"rendered":"https:\/\/partprecision.se\/aktuelles\/"},"modified":"2026-04-20T11:41:50","modified_gmt":"2026-04-20T11:41:50","slug":"aktuelles","status":"publish","type":"page","link":"https:\/\/partprecision.se\/de\/aktuelles\/","title":{"rendered":"Aktuelles"},"content":{"rendered":"<p><div class=\"fusion-fullwidth fullwidth-box fusion-builder-row-1 fusion-flex-container nonhundred-percent-fullwidth non-hundred-percent-height-scrolling fusion-custom-z-index\" style=\"--awb-background-position:left top;--awb-border-sizes-top:0px;--awb-border-sizes-bottom:0px;--awb-border-sizes-left:0px;--awb-border-sizes-right:0px;--awb-border-radius-top-left:0px;--awb-border-radius-top-right:0px;--awb-border-radius-bottom-right:0px;--awb-border-radius-bottom-left:0px;--awb-z-index:0;--awb-padding-top:37px;--awb-padding-bottom:0px;--awb-margin-bottom-medium:0px;--awb-margin-bottom-small:0px;--awb-background-color:var(--awb-color2);--awb-flex-wrap:wrap;\" ><div class=\"fusion-builder-row fusion-row fusion-flex-align-items-stretch fusion-flex-justify-content-center fusion-flex-content-wrap\" style=\"max-width:1414.4px;margin-left: calc(-4% \/ 2 );margin-right: calc(-4% \/ 2 );\"><div class=\"fusion-layout-column fusion_builder_column fusion-builder-column-0 fusion_builder_column_3_5 3_5 fusion-flex-column fusion-flex-align-self-flex-start fusion-column-no-min-height\" style=\"--awb-bg-blend:overlay;--awb-bg-size:cover;--awb-width-large:60%;--awb-margin-top-large:0px;--awb-spacing-right-large:3.2%;--awb-margin-bottom-large:0px;--awb-spacing-left-large:3.2%;--awb-width-medium:80%;--awb-spacing-right-medium:2.4%;--awb-spacing-left-medium:2.4%;--awb-width-small:100%;--awb-spacing-right-small:1.92%;--awb-spacing-left-small:1.92%;\"><div class=\"fusion-column-wrapper fusion-flex-justify-content-flex-start fusion-content-layout-column\"><div class=\"fusion-text fusion-text-1 fusion-text-no-margin\" style=\"--awb-content-alignment:center;--awb-font-size:18px;--awb-text-color:hsla(var(--awb-color5-h),var(--awb-color5-s),var(--awb-color5-l),calc(var(--awb-color5-a) - 20%));--awb-margin-top:20px;--awb-text-font-family:&quot;Poppins&quot;;--awb-text-font-style:normal;--awb-text-font-weight:400;\"><p>Entdecken Sie die neuesten Trends und wegweisenden Innovationen in den gefragtesten Bereichen der Branche. Entdecken Sie unseren Feed, um Neuigkeiten zu technologischen Fortschritten, Markttrends und Unternehmensmeldungen zu erhalten, die die Landschaft der Pr\u00e4zisionstechnik und mikromechanischen Komponenten pr\u00e4gen.<\/p>\n<\/div><div class=\"fusion-separator fusion-full-width-sep\" style=\"align-self: center;margin-left: auto;margin-right: auto;margin-top:15px;width:100%;\"><\/div><\/div><\/div><\/div><\/div><div class=\"fusion-fullwidth fullwidth-box fusion-builder-row-2 fusion-flex-container nonhundred-percent-fullwidth non-hundred-percent-height-scrolling\" style=\"--awb-background-position:left top;--awb-border-sizes-top:0px;--awb-border-sizes-bottom:0px;--awb-border-sizes-left:0px;--awb-border-sizes-right:0px;--awb-border-radius-top-left:0px;--awb-border-radius-top-right:0px;--awb-border-radius-bottom-right:0px;--awb-border-radius-bottom-left:0px;--awb-padding-top:80px;--awb-padding-bottom:330px;--awb-margin-bottom-medium:0px;--awb-margin-bottom-small:0px;--awb-min-height:420px;--awb-background-color:var(--awb-color2);--awb-flex-wrap:wrap;\" ><div class=\"fusion-builder-row fusion-row fusion-flex-align-items-stretch fusion-flex-justify-content-center fusion-flex-content-wrap\" style=\"max-width:1414.4px;margin-left: calc(-4% \/ 2 );margin-right: calc(-4% \/ 2 );\"><div class=\"fusion-layout-column fusion_builder_column fusion-builder-column-1 fusion_builder_column_1_6 1_6 fusion-flex-column fusion-flex-align-self-flex-start fusion-column-no-min-height\" style=\"--awb-bg-blend:overlay;--awb-bg-size:cover;--awb-width-large:16.666666666667%;--awb-margin-top-large:0px;--awb-spacing-right-large:11.52%;--awb-margin-bottom-large:0px;--awb-spacing-left-large:11.52%;--awb-width-medium:80%;--awb-spacing-right-medium:2.4%;--awb-spacing-left-medium:2.4%;--awb-width-small:100%;--awb-spacing-right-small:1.92%;--awb-spacing-left-small:1.92%;\"><div class=\"fusion-column-wrapper fusion-flex-justify-content-flex-start fusion-content-layout-column\"><div class=\"fusion-separator fusion-no-small-visibility fusion-no-medium-visibility fusion-full-width-sep\" style=\"align-self: center;margin-left: auto;margin-right: auto;margin-top:15px;width:100%;\"><\/div><div class=\"fusion-separator fusion-full-width-sep\" style=\"align-self: center;margin-left: auto;margin-right: auto;margin-top:15px;width:100%;\"><\/div><\/div><\/div><div class=\"fusion-layout-column fusion_builder_column fusion-builder-column-2 fusion_builder_column_2_3 2_3 fusion-flex-column fusion-flex-align-self-flex-start fusion-column-no-min-height\" style=\"--awb-bg-blend:overlay;--awb-bg-size:cover;--awb-width-large:66.666666666667%;--awb-margin-top-large:0px;--awb-spacing-right-large:2.88%;--awb-margin-bottom-large:0px;--awb-spacing-left-large:2.88%;--awb-width-medium:80%;--awb-spacing-right-medium:2.4%;--awb-spacing-left-medium:2.4%;--awb-width-small:100%;--awb-spacing-right-small:1.92%;--awb-spacing-left-small:1.92%;\"><div class=\"fusion-column-wrapper fusion-flex-justify-content-flex-start fusion-content-layout-column\"><div class=\"fusion-blog-shortcode fusion-blog-shortcode-1 fusion-blog-archive fusion-blog-layout-grid-wrapper fusion-blog-infinite\" style=\"--awb-title-font-size:18px;--awb-title-font-family:&quot;Poppins&quot;;--awb-title-font-style:normal;--awb-title-font-weight:500;--grid_separator_color:var(--awb-color1);\"><style type=\"text\/css\">.fusion-blog-shortcode-1 .fusion-blog-layout-grid .fusion-post-grid{padding:10px;}.fusion-blog-shortcode-1 .fusion-posts-container{margin-left: -10px !important; margin-right:-10px !important;}<\/style><div class=\"fusion-posts-container fusion-posts-container-infinite fusion-blog-layout-grid fusion-blog-layout-grid-3 isotope fusion-blog-equal-heights\" data-pages=\"1\" data-grid-col-space=\"20\" style=\"margin: -10px -10px 0;min-height:500px;\"><article id=\"blog-1-post-1672\" class=\"fusion-post-grid post-1672 post type-post status-publish format-standard has-post-thumbnail hentry category-unkategorisiert\">\n<div class=\"fusion-post-wrapper\" style=\"background-color:var(--awb-color1);border:1px solid var(--awb-color2);border-bottom-width:3px;\">\n\n\t\t\t<div class=\"fusion-flexslider flexslider fusion-flexslider-loading fusion-post-slideshow\" style=\"border-color:var(--awb-color2);\">\n\t\t<ul class=\"slides\">\n\t\t\t\n\t\t\t\t\t\t\t\t\t\t\t\t\t\t<li><div  class=\"fusion-image-wrapper\" aria-haspopup=\"true\">\n\t\t\t\t\t\t\t<a href=\"https:\/\/partprecision.se\/de\/neuer-reinraum-der-klasse-8-in-betrieb-erhoehte-kapazitaet-fuer-die-verpackung-in-reinraumumgebung\/\" aria-label=\"Neuer Reinraum der Klasse 8 in Betrieb \u2013 erh\u00f6hte Kapazit\u00e4t f\u00fcr die Verpackung in Reinraumumgebung\">\n\t\t\t\t\t\t\t<img decoding=\"async\" width=\"2048\" height=\"1536\" src=\"https:\/\/partprecision.se\/wp-content\/uploads\/2024\/05\/DSF2979.jpg\" class=\"attachment-full size-full wp-post-image\" alt=\"\" srcset=\"https:\/\/partprecision.se\/wp-content\/uploads\/2024\/05\/DSF2979-200x150.jpg 200w, https:\/\/partprecision.se\/wp-content\/uploads\/2024\/05\/DSF2979-400x300.jpg 400w, https:\/\/partprecision.se\/wp-content\/uploads\/2024\/05\/DSF2979-600x450.jpg 600w, https:\/\/partprecision.se\/wp-content\/uploads\/2024\/05\/DSF2979-800x600.jpg 800w, https:\/\/partprecision.se\/wp-content\/uploads\/2024\/05\/DSF2979-1200x900.jpg 1200w, https:\/\/partprecision.se\/wp-content\/uploads\/2024\/05\/DSF2979.jpg 2048w\" sizes=\"(min-width: 2200px) 100vw, (min-width: 784px) 440px, (min-width: 712px) 660px, (min-width: 640px) 712px, \" \/>\t\t\t<\/a>\n\t\t\t\t\t\t\t<\/div>\n<\/li>\n\t\t\t\n\t\t\t\n\t\t\t\t\t\t\t\t\t\t\t\t\t\t\t\t\t\t\t\t\t\t\t\t\t\t\t\t\t\t\t\t\t\t\t\t\t\t\t\t\t\t\t\t\t\t\t\t\t\t\t\t\t\t\t\t\t\t\t\t\t\t\t\t\t\t\t\t<\/ul>\n\t<\/div>\n\t<div class=\"fusion-post-content-wrapper\" style=\"padding:30px 25px 25px 25px;\"><div class=\"fusion-post-content post-content\"><h4 class=\"blog-shortcode-post-title entry-title\">Neuer Reinraum der Klasse 8 in Betrieb \u2013 erh\u00f6hte Kapazit\u00e4t f\u00fcr die Verpackung in Reinraumumgebung<\/h4><p class=\"fusion-single-line-meta\"><span>6. Mai 2024<\/span><span class=\"fusion-inline-sep\">|<\/span><\/p><div class=\"fusion-content-sep sep-double sep-solid\"><\/div><\/div><div class=\"fusion-meta-info\"><div class=\"fusion-alignleft\"><a class=\"fusion-read-more\" href=\"https:\/\/partprecision.se\/de\/neuer-reinraum-der-klasse-8-in-betrieb-erhoehte-kapazitaet-fuer-die-verpackung-in-reinraumumgebung\/\" aria-label=\"More on Neuer Reinraum der Klasse 8 in Betrieb \u2013 erh\u00f6hte Kapazit\u00e4t f\u00fcr die Verpackung in Reinraumumgebung\">Weiterlesen<\/a><\/div><\/div><\/div><div class=\"fusion-clearfix\"><\/div><\/div>\n<\/article>\n<article id=\"blog-1-post-1669\" class=\"fusion-post-grid post-1669 post type-post status-publish format-standard has-post-thumbnail hentry category-unkategorisiert\">\n<div class=\"fusion-post-wrapper\" style=\"background-color:var(--awb-color1);border:1px solid var(--awb-color2);border-bottom-width:3px;\">\n\n\t\t\t<div class=\"fusion-flexslider flexslider fusion-flexslider-loading fusion-post-slideshow\" style=\"border-color:var(--awb-color2);\">\n\t\t<ul class=\"slides\">\n\t\t\t\n\t\t\t\t\t\t\t\t\t\t\t\t\t\t<li><div  class=\"fusion-image-wrapper\" aria-haspopup=\"true\">\n\t\t\t\t\t\t\t<a href=\"https:\/\/partprecision.se\/de\/praezision-und-effizienz-steigern-mit-dem-dmg-mori-multisprint-36-cnc-mehrspindeldrehautomat\/\" aria-label=\"Pr\u00e4zision und Effizienz steigern mit dem DMG Mori Multisprint 36 CNC-Mehrspindeldrehautomat\">\n\t\t\t\t\t\t\t<img decoding=\"async\" width=\"2048\" height=\"1536\" src=\"https:\/\/partprecision.se\/wp-content\/uploads\/2024\/10\/Unlocking-Precision-and-Efficiency-with-the-DMG-Mori-Multisprint-36-CNC-Multi-Spindle-Lathe.jpg\" class=\"attachment-full size-full wp-post-image\" alt=\"\" srcset=\"https:\/\/partprecision.se\/wp-content\/uploads\/2024\/10\/Unlocking-Precision-and-Efficiency-with-the-DMG-Mori-Multisprint-36-CNC-Multi-Spindle-Lathe-200x150.jpg 200w, https:\/\/partprecision.se\/wp-content\/uploads\/2024\/10\/Unlocking-Precision-and-Efficiency-with-the-DMG-Mori-Multisprint-36-CNC-Multi-Spindle-Lathe-400x300.jpg 400w, https:\/\/partprecision.se\/wp-content\/uploads\/2024\/10\/Unlocking-Precision-and-Efficiency-with-the-DMG-Mori-Multisprint-36-CNC-Multi-Spindle-Lathe-600x450.jpg 600w, https:\/\/partprecision.se\/wp-content\/uploads\/2024\/10\/Unlocking-Precision-and-Efficiency-with-the-DMG-Mori-Multisprint-36-CNC-Multi-Spindle-Lathe-800x600.jpg 800w, https:\/\/partprecision.se\/wp-content\/uploads\/2024\/10\/Unlocking-Precision-and-Efficiency-with-the-DMG-Mori-Multisprint-36-CNC-Multi-Spindle-Lathe-1200x900.jpg 1200w, https:\/\/partprecision.se\/wp-content\/uploads\/2024\/10\/Unlocking-Precision-and-Efficiency-with-the-DMG-Mori-Multisprint-36-CNC-Multi-Spindle-Lathe.jpg 2048w\" sizes=\"(min-width: 2200px) 100vw, (min-width: 784px) 440px, (min-width: 712px) 660px, (min-width: 640px) 712px, \" \/>\t\t\t<\/a>\n\t\t\t\t\t\t\t<\/div>\n<\/li>\n\t\t\t\n\t\t\t\n\t\t\t\t\t\t\t\t\t\t\t\t\t\t\t\t\t\t\t\t\t\t\t\t\t\t\t\t\t\t\t\t\t\t\t\t\t\t\t\t\t\t\t\t\t\t\t\t\t\t\t\t\t\t\t\t\t\t\t\t\t\t\t\t\t\t\t\t<\/ul>\n\t<\/div>\n\t<div class=\"fusion-post-content-wrapper\" style=\"padding:30px 25px 25px 25px;\"><div class=\"fusion-post-content post-content\"><h4 class=\"blog-shortcode-post-title entry-title\">Pr\u00e4zision und Effizienz steigern mit dem DMG Mori Multisprint 36 CNC-Mehrspindeldrehautomat<\/h4><p class=\"fusion-single-line-meta\"><span>6. Mai 2024<\/span><span class=\"fusion-inline-sep\">|<\/span><\/p><div class=\"fusion-content-sep sep-double sep-solid\"><\/div><\/div><div class=\"fusion-meta-info\"><div class=\"fusion-alignleft\"><a class=\"fusion-read-more\" href=\"https:\/\/partprecision.se\/de\/praezision-und-effizienz-steigern-mit-dem-dmg-mori-multisprint-36-cnc-mehrspindeldrehautomat\/\" aria-label=\"More on Pr\u00e4zision und Effizienz steigern mit dem DMG Mori Multisprint 36 CNC-Mehrspindeldrehautomat\">Weiterlesen<\/a><\/div><\/div><\/div><div class=\"fusion-clearfix\"><\/div><\/div>\n<\/article>\n<div class=\"fusion-clearfix\"><\/div><\/div><\/div><div class=\"fusion-separator fusion-full-width-sep\" style=\"align-self: center;margin-left: auto;margin-right: auto;margin-top:15px;width:100%;\"><\/div><\/div><\/div><div class=\"fusion-layout-column fusion_builder_column fusion-builder-column-3 fusion_builder_column_1_6 1_6 fusion-flex-column fusion-flex-align-self-flex-start fusion-column-no-min-height fusion-no-small-visibility fusion-no-medium-visibility\" style=\"--awb-bg-blend:overlay;--awb-bg-size:cover;--awb-width-large:16.666666666667%;--awb-margin-top-large:0px;--awb-spacing-right-large:11.52%;--awb-margin-bottom-large:0px;--awb-spacing-left-large:11.52%;--awb-width-medium:80%;--awb-spacing-right-medium:2.4%;--awb-spacing-left-medium:2.4%;--awb-width-small:100%;--awb-spacing-right-small:1.92%;--awb-spacing-left-small:1.92%;\"><div class=\"fusion-column-wrapper fusion-flex-justify-content-flex-start fusion-content-layout-column\"><div class=\"fusion-separator fusion-full-width-sep\" style=\"align-self: center;margin-left: auto;margin-right: auto;margin-top:15px;width:100%;\"><\/div><div class=\"fusion-separator fusion-full-width-sep\" style=\"align-self: center;margin-left: auto;margin-right: auto;margin-top:15px;width:100%;\"><\/div><\/div><\/div><\/div><\/div><div class=\"fusion-fullwidth fullwidth-box fusion-builder-row-3 fusion-flex-container has-pattern-background has-mask-background nonhundred-percent-fullwidth non-hundred-percent-height-scrolling\" style=\"--awb-border-radius-top-left:0px;--awb-border-radius-top-right:0px;--awb-border-radius-bottom-right:0px;--awb-border-radius-bottom-left:0px;--awb-padding-top:0px;--awb-padding-right:0px;--awb-padding-bottom:0px;--awb-padding-left:0px;--awb-padding-right-small:0px;--awb-min-height:141px;--awb-background-color:#76c1a0;--awb-flex-wrap:wrap;\" ><div class=\"fusion-builder-row fusion-row fusion-flex-align-items-flex-start fusion-flex-content-wrap\" style=\"max-width:1414.4px;margin-left: calc(-4% \/ 2 );margin-right: calc(-4% \/ 2 );\"><div class=\"fusion-layout-column fusion_builder_column fusion-builder-column-4 fusion_builder_column_1_1 1_1 fusion-flex-column fusion-flex-align-self-center\" style=\"--awb-bg-size:cover;--awb-width-large:100%;--awb-margin-top-large:0px;--awb-spacing-right-large:0%;--awb-margin-bottom-large:0px;--awb-spacing-left-large:0%;--awb-width-medium:100%;--awb-order-medium:0;--awb-spacing-right-medium:0%;--awb-spacing-left-medium:0%;--awb-width-small:100%;--awb-order-small:0;--awb-spacing-right-small:1.92%;--awb-spacing-left-small:1.92%;\"><div class=\"fusion-column-wrapper fusion-column-has-shadow fusion-flex-justify-content-flex-start fusion-content-layout-column\"><div class=\"fusion-text fusion-text-2\" style=\"--awb-content-alignment:center;--awb-text-color:#004b45;\"><div style=\"display: flex; align-items: center; justify-content: center;\">\n<p style=\"margin-right: 10px;\" align=\"center\">Verpassen Sie keine Neuigkeiten: <strong>Folgen Sie uns auf LinkedIn <a href=\"https:\/\/www.linkedin.com\/company\/part-precision-sweden-ab\/\"><img decoding=\"async\" class=\"alignnone wp-image-1076\" src=\"https:\/\/partprecision.se\/wp-content\/uploads\/2024\/05\/linkedin-green.png\" alt=\"\" width=\"25\" height=\"25\" srcset=\"https:\/\/partprecision.se\/wp-content\/uploads\/2024\/05\/linkedin-green-66x66.png 66w, https:\/\/partprecision.se\/wp-content\/uploads\/2024\/05\/linkedin-green-150x150.png 150w, https:\/\/partprecision.se\/wp-content\/uploads\/2024\/05\/linkedin-green-200x200.png 200w, https:\/\/partprecision.se\/wp-content\/uploads\/2024\/05\/linkedin-green-300x300.png 300w, https:\/\/partprecision.se\/wp-content\/uploads\/2024\/05\/linkedin-green-400x400.png 400w, https:\/\/partprecision.se\/wp-content\/uploads\/2024\/05\/linkedin-green-600x600.png 600w, https:\/\/partprecision.se\/wp-content\/uploads\/2024\/05\/linkedin-green-768x768.png 768w, https:\/\/partprecision.se\/wp-content\/uploads\/2024\/05\/linkedin-green-800x800.png 800w, https:\/\/partprecision.se\/wp-content\/uploads\/2024\/05\/linkedin-green.png 1024w\" sizes=\"(max-width: 25px) 100vw, 25px\" \/><\/a><\/strong><\/p>\n<\/div>\n<\/div><\/div><\/div><\/div><\/div><div class=\"fusion-fullwidth fullwidth-box fusion-builder-row-4 fusion-flex-container has-pattern-background has-mask-background nonhundred-percent-fullwidth non-hundred-percent-height-scrolling\" style=\"--awb-border-radius-top-left:0px;--awb-border-radius-top-right:0px;--awb-border-radius-bottom-right:0px;--awb-border-radius-bottom-left:0px;--awb-padding-top:0px;--awb-padding-right:0px;--awb-padding-bottom:0px;--awb-padding-left:0px;--awb-margin-top:0px;--awb-margin-bottom:0px;--awb-min-height:3px;--awb-background-image:radial-gradient(circle at center center, #bababa 24%,#707070 69%);--awb-flex-wrap:wrap;\" ><div class=\"fusion-builder-row fusion-row fusion-flex-align-items-center fusion-flex-align-content-center fusion-flex-content-wrap\" style=\"max-width:1414.4px;margin-left: calc(-4% \/ 2 );margin-right: calc(-4% \/ 2 );\"><div class=\"fusion-layout-column fusion_builder_column fusion-builder-column-5 fusion_builder_column_1_4 1_4 fusion-flex-column fusion-no-small-visibility fusion-no-medium-visibility\" style=\"--awb-bg-size:cover;--awb-width-large:25%;--awb-margin-top-large:0px;--awb-spacing-right-large:7.68%;--awb-margin-bottom-large:0px;--awb-spacing-left-large:7.68%;--awb-width-medium:25%;--awb-order-medium:0;--awb-spacing-right-medium:7.68%;--awb-spacing-left-medium:7.68%;--awb-width-small:100%;--awb-order-small:0;--awb-spacing-right-small:1.92%;--awb-spacing-left-small:1.92%;\"><div class=\"fusion-column-wrapper fusion-column-has-shadow fusion-flex-justify-content-flex-start fusion-content-layout-column\"><div class=\"container\"><img decoding=\"async\" src=\"\/wp-content\/uploads\/2024\/05\/mockup-linkedin.png\" alt=\"Extended Image\" class=\"extended-image\"><\/div><style>.container {\n  position: relative;\n  overflow: visible;\n}\n\n.extended-image {\n  position: absolute;\n  bottom: 0; \n  left: 0;\n  height:517px;\n  width:404px;\n}\n<\/style><\/div><\/div><\/div><\/div><\/p>\n","protected":false},"excerpt":{"rendered":"","protected":false},"author":1,"featured_media":1635,"parent":0,"menu_order":0,"comment_status":"closed","ping_status":"closed","template":"100-width.php","meta":{"footnotes":""},"class_list":["post-1727","page","type-page","status-publish","has-post-thumbnail","hentry"],"yoast_head":"<!-- This site is optimized with the Yoast SEO plugin v27.4 - https:\/\/yoast.com\/product\/yoast-seo-wordpress\/ -->\n<title>Aktuelles - Part Precision Sweden AB<\/title>\n<meta name=\"robots\" content=\"noindex, follow\" \/>\n<meta property=\"og:locale\" content=\"de_DE\" \/>\n<meta property=\"og:type\" content=\"article\" \/>\n<meta property=\"og:title\" content=\"Aktuelles - Part Precision Sweden AB\" \/>\n<meta property=\"og:url\" content=\"https:\/\/partprecision.se\/de\/aktuelles\/\" \/>\n<meta property=\"og:site_name\" content=\"Part Precision Sweden AB\" \/>\n<meta property=\"article:modified_time\" content=\"2026-04-20T11:41:50+00:00\" \/>\n<meta property=\"og:image\" content=\"https:\/\/partprecision.se\/wp-content\/uploads\/2024\/04\/DSF2935.jpg\" \/>\n\t<meta property=\"og:image:width\" content=\"2048\" \/>\n\t<meta property=\"og:image:height\" content=\"1536\" \/>\n\t<meta property=\"og:image:type\" content=\"image\/jpeg\" \/>\n<script type=\"application\/ld+json\" class=\"yoast-schema-graph\">{\"@context\":\"https:\\\/\\\/schema.org\",\"@graph\":[{\"@type\":\"WebPage\",\"@id\":\"https:\\\/\\\/partprecision.se\\\/de\\\/aktuelles\\\/\",\"url\":\"https:\\\/\\\/partprecision.se\\\/de\\\/aktuelles\\\/\",\"name\":\"Aktuelles - Part Precision Sweden AB\",\"isPartOf\":{\"@id\":\"https:\\\/\\\/partprecision.se\\\/de\\\/#website\"},\"primaryImageOfPage\":{\"@id\":\"https:\\\/\\\/partprecision.se\\\/de\\\/aktuelles\\\/#primaryimage\"},\"image\":{\"@id\":\"https:\\\/\\\/partprecision.se\\\/de\\\/aktuelles\\\/#primaryimage\"},\"thumbnailUrl\":\"https:\\\/\\\/partprecision.se\\\/wp-content\\\/uploads\\\/2024\\\/04\\\/DSF2935.jpg\",\"datePublished\":\"2024-05-07T11:12:18+00:00\",\"dateModified\":\"2026-04-20T11:41:50+00:00\",\"breadcrumb\":{\"@id\":\"https:\\\/\\\/partprecision.se\\\/de\\\/aktuelles\\\/#breadcrumb\"},\"inLanguage\":\"de\",\"potentialAction\":[{\"@type\":\"ReadAction\",\"target\":[\"https:\\\/\\\/partprecision.se\\\/de\\\/aktuelles\\\/\"]}]},{\"@type\":\"ImageObject\",\"inLanguage\":\"de\",\"@id\":\"https:\\\/\\\/partprecision.se\\\/de\\\/aktuelles\\\/#primaryimage\",\"url\":\"https:\\\/\\\/partprecision.se\\\/wp-content\\\/uploads\\\/2024\\\/04\\\/DSF2935.jpg\",\"contentUrl\":\"https:\\\/\\\/partprecision.se\\\/wp-content\\\/uploads\\\/2024\\\/04\\\/DSF2935.jpg\",\"width\":2048,\"height\":1536},{\"@type\":\"BreadcrumbList\",\"@id\":\"https:\\\/\\\/partprecision.se\\\/de\\\/aktuelles\\\/#breadcrumb\",\"itemListElement\":[{\"@type\":\"ListItem\",\"position\":1,\"name\":\"Hem\",\"item\":\"https:\\\/\\\/partprecision.se\\\/de\\\/\"},{\"@type\":\"ListItem\",\"position\":2,\"name\":\"Aktuelles\"}]},{\"@type\":\"WebSite\",\"@id\":\"https:\\\/\\\/partprecision.se\\\/de\\\/#website\",\"url\":\"https:\\\/\\\/partprecision.se\\\/de\\\/\",\"name\":\"Part Precision Sweden AB\",\"description\":\"We create quality of life\",\"publisher\":{\"@id\":\"https:\\\/\\\/partprecision.se\\\/de\\\/#organization\"},\"potentialAction\":[{\"@type\":\"SearchAction\",\"target\":{\"@type\":\"EntryPoint\",\"urlTemplate\":\"https:\\\/\\\/partprecision.se\\\/de\\\/?s={search_term_string}\"},\"query-input\":{\"@type\":\"PropertyValueSpecification\",\"valueRequired\":true,\"valueName\":\"search_term_string\"}}],\"inLanguage\":\"de\"},{\"@type\":\"Organization\",\"@id\":\"https:\\\/\\\/partprecision.se\\\/de\\\/#organization\",\"name\":\"Part Precision Sweden AB\",\"url\":\"https:\\\/\\\/partprecision.se\\\/de\\\/\",\"logo\":{\"@type\":\"ImageObject\",\"inLanguage\":\"de\",\"@id\":\"https:\\\/\\\/partprecision.se\\\/de\\\/#\\\/schema\\\/logo\\\/image\\\/\",\"url\":\"https:\\\/\\\/partprecision.se\\\/wp-content\\\/uploads\\\/2024\\\/05\\\/Ljusgron-gra-text.jpg\",\"contentUrl\":\"https:\\\/\\\/partprecision.se\\\/wp-content\\\/uploads\\\/2024\\\/05\\\/Ljusgron-gra-text.jpg\",\"width\":1920,\"height\":1788,\"caption\":\"Part Precision Sweden AB\"},\"image\":{\"@id\":\"https:\\\/\\\/partprecision.se\\\/de\\\/#\\\/schema\\\/logo\\\/image\\\/\"}}]}<\/script>\n<!-- \/ Yoast SEO plugin. -->","yoast_head_json":{"title":"Aktuelles - Part Precision Sweden AB","robots":{"index":"noindex","follow":"follow"},"og_locale":"de_DE","og_type":"article","og_title":"Aktuelles - Part Precision Sweden AB","og_url":"https:\/\/partprecision.se\/de\/aktuelles\/","og_site_name":"Part Precision Sweden AB","article_modified_time":"2026-04-20T11:41:50+00:00","og_image":[{"width":2048,"height":1536,"url":"https:\/\/partprecision.se\/wp-content\/uploads\/2024\/04\/DSF2935.jpg","type":"image\/jpeg"}],"schema":{"@context":"https:\/\/schema.org","@graph":[{"@type":"WebPage","@id":"https:\/\/partprecision.se\/de\/aktuelles\/","url":"https:\/\/partprecision.se\/de\/aktuelles\/","name":"Aktuelles - Part Precision Sweden AB","isPartOf":{"@id":"https:\/\/partprecision.se\/de\/#website"},"primaryImageOfPage":{"@id":"https:\/\/partprecision.se\/de\/aktuelles\/#primaryimage"},"image":{"@id":"https:\/\/partprecision.se\/de\/aktuelles\/#primaryimage"},"thumbnailUrl":"https:\/\/partprecision.se\/wp-content\/uploads\/2024\/04\/DSF2935.jpg","datePublished":"2024-05-07T11:12:18+00:00","dateModified":"2026-04-20T11:41:50+00:00","breadcrumb":{"@id":"https:\/\/partprecision.se\/de\/aktuelles\/#breadcrumb"},"inLanguage":"de","potentialAction":[{"@type":"ReadAction","target":["https:\/\/partprecision.se\/de\/aktuelles\/"]}]},{"@type":"ImageObject","inLanguage":"de","@id":"https:\/\/partprecision.se\/de\/aktuelles\/#primaryimage","url":"https:\/\/partprecision.se\/wp-content\/uploads\/2024\/04\/DSF2935.jpg","contentUrl":"https:\/\/partprecision.se\/wp-content\/uploads\/2024\/04\/DSF2935.jpg","width":2048,"height":1536},{"@type":"BreadcrumbList","@id":"https:\/\/partprecision.se\/de\/aktuelles\/#breadcrumb","itemListElement":[{"@type":"ListItem","position":1,"name":"Hem","item":"https:\/\/partprecision.se\/de\/"},{"@type":"ListItem","position":2,"name":"Aktuelles"}]},{"@type":"WebSite","@id":"https:\/\/partprecision.se\/de\/#website","url":"https:\/\/partprecision.se\/de\/","name":"Part Precision Sweden AB","description":"We create quality of life","publisher":{"@id":"https:\/\/partprecision.se\/de\/#organization"},"potentialAction":[{"@type":"SearchAction","target":{"@type":"EntryPoint","urlTemplate":"https:\/\/partprecision.se\/de\/?s={search_term_string}"},"query-input":{"@type":"PropertyValueSpecification","valueRequired":true,"valueName":"search_term_string"}}],"inLanguage":"de"},{"@type":"Organization","@id":"https:\/\/partprecision.se\/de\/#organization","name":"Part Precision Sweden AB","url":"https:\/\/partprecision.se\/de\/","logo":{"@type":"ImageObject","inLanguage":"de","@id":"https:\/\/partprecision.se\/de\/#\/schema\/logo\/image\/","url":"https:\/\/partprecision.se\/wp-content\/uploads\/2024\/05\/Ljusgron-gra-text.jpg","contentUrl":"https:\/\/partprecision.se\/wp-content\/uploads\/2024\/05\/Ljusgron-gra-text.jpg","width":1920,"height":1788,"caption":"Part Precision Sweden AB"},"image":{"@id":"https:\/\/partprecision.se\/de\/#\/schema\/logo\/image\/"}}]}},"_links":{"self":[{"href":"https:\/\/partprecision.se\/de\/wp-json\/wp\/v2\/pages\/1727","targetHints":{"allow":["GET"]}}],"collection":[{"href":"https:\/\/partprecision.se\/de\/wp-json\/wp\/v2\/pages"}],"about":[{"href":"https:\/\/partprecision.se\/de\/wp-json\/wp\/v2\/types\/page"}],"author":[{"embeddable":true,"href":"https:\/\/partprecision.se\/de\/wp-json\/wp\/v2\/users\/1"}],"replies":[{"embeddable":true,"href":"https:\/\/partprecision.se\/de\/wp-json\/wp\/v2\/comments?post=1727"}],"version-history":[{"count":0,"href":"https:\/\/partprecision.se\/de\/wp-json\/wp\/v2\/pages\/1727\/revisions"}],"wp:featuredmedia":[{"embeddable":true,"href":"https:\/\/partprecision.se\/de\/wp-json\/wp\/v2\/media\/1635"}],"wp:attachment":[{"href":"https:\/\/partprecision.se\/de\/wp-json\/wp\/v2\/media?parent=1727"}],"curies":[{"name":"wp","href":"https:\/\/api.w.org\/{rel}","templated":true}]}}